{"id":1551,"date":"2025-01-03T15:41:30","date_gmt":"2025-01-03T15:41:30","guid":{"rendered":"https:\/\/amgsecurity.sk\/?page_id=1551"},"modified":"2025-02-22T14:35:18","modified_gmt":"2025-02-22T14:35:18","slug":"blog","status":"publish","type":"page","link":"https:\/\/amgsecurity.sk\/en\/blog\/","title":{"rendered":"Blog"},"content":{"rendered":"<div data-elementor-type=\"wp-page\" data-elementor-id=\"1551\" class=\"elementor elementor-1551\" data-elementor-post-type=\"page\">\n\t\t\t\t<div class=\"elementor-element elementor-element-828af45 e-flex e-con-boxed e-con e-parent\" data-id=\"828af45\" data-element_type=\"container\" data-settings=\"{&quot;background_background&quot;:&quot;classic&quot;}\">\n\t\t\t\t\t<div class=\"e-con-inner\">\n\t\t<div class=\"elementor-element elementor-element-61d0d13 e-con-full e-flex e-con e-child\" data-id=\"61d0d13\" data-element_type=\"container\">\n\t\t\t\t<div class=\"elementor-element elementor-element-167673e homepage_video elementor-absolute elementor-widget elementor-widget-video\" data-id=\"167673e\" data-element_type=\"widget\" data-settings=\"{&quot;video_type&quot;:&quot;hosted&quot;,&quot;autoplay&quot;:&quot;yes&quot;,&quot;play_on_mobile&quot;:&quot;yes&quot;,&quot;mute&quot;:&quot;yes&quot;,&quot;loop&quot;:&quot;yes&quot;,&quot;_position&quot;:&quot;absolute&quot;}\" data-widget_type=\"video.default\">\n\t\t\t\t<div class=\"elementor-widget-container\">\n\t\t\t\t\t\t\t<div class=\"e-hosted-video elementor-wrapper elementor-open-inline\">\n\t\t\t\t\t<video class=\"elementor-video\" src=\"https:\/\/amgsecurity.sk\/wp-content\/uploads\/2024\/12\/586a-496d-b64d-f6f686e8cdbe.mp4\" autoplay=\"\" loop=\"\" muted=\"muted\" playsinline=\"\" controlslist=\"nodownload\"><\/video>\n\t\t\t\t<\/div>\n\t\t\t\t\t\t<\/div>\n\t\t\t\t<\/div>\n\t\t\t\t<div class=\"elementor-element elementor-element-5775684 elementor-absolute e-transform transform_mobile elementor-widget elementor-widget-text-editor\" data-id=\"5775684\" data-element_type=\"widget\" data-settings=\"{&quot;_position&quot;:&quot;absolute&quot;,&quot;_transform_rotateZ_effect&quot;:{&quot;unit&quot;:&quot;px&quot;,&quot;size&quot;:-90,&quot;sizes&quot;:[]},&quot;_transform_rotateZ_effect_tablet&quot;:{&quot;unit&quot;:&quot;deg&quot;,&quot;size&quot;:&quot;&quot;,&quot;sizes&quot;:[]},&quot;_transform_rotateZ_effect_mobile&quot;:{&quot;unit&quot;:&quot;deg&quot;,&quot;size&quot;:&quot;&quot;,&quot;sizes&quot;:[]}}\" data-widget_type=\"text-editor.default\">\n\t\t\t\t<div class=\"elementor-widget-container\">\n\t\t\t\t\t\t\t\t\t<p>Serving you <span style=\"color: #ffffff;\"><strong>since 2011<\/strong><\/span><\/p>\t\t\t\t\t\t\t\t<\/div>\n\t\t\t\t<\/div>\n\t\t\t\t<\/div>\n\t\t<div class=\"elementor-element elementor-element-961d8fa e-con-full e-flex e-con e-child\" data-id=\"961d8fa\" data-element_type=\"container\">\n\t\t\t\t<div class=\"elementor-element elementor-element-a4fc6cc elementor-widget elementor-widget-text-editor\" data-id=\"a4fc6cc\" data-element_type=\"widget\" data-widget_type=\"text-editor.default\">\n\t\t\t\t<div class=\"elementor-widget-container\">\n\t\t\t\t\t\t\t\t\t<p>News and tips from the experts<\/p>\t\t\t\t\t\t\t\t<\/div>\n\t\t\t\t<\/div>\n\t\t\t\t<div class=\"elementor-element elementor-element-e895a7b elementor-widget__width-initial elementor-widget elementor-widget-heading\" data-id=\"e895a7b\" data-element_type=\"widget\" data-widget_type=\"heading.default\">\n\t\t\t\t<div class=\"elementor-widget-container\">\n\t\t\t\t\t<h1 class=\"elementor-heading-title elementor-size-default\">Inspiration and tips for keeping your spaces safe and clean<\/h1>\t\t\t\t<\/div>\n\t\t\t\t<\/div>\n\t\t\t\t<div class=\"elementor-element elementor-element-0e718fe elementor-widget__width-initial elementor-widget elementor-widget-text-editor\" data-id=\"0e718fe\" data-element_type=\"widget\" data-widget_type=\"text-editor.default\">\n\t\t\t\t<div class=\"elementor-widget-container\">\n\t\t\t\t\t\t\t\t\t<p>News and tips from the experts. Get the latest security trends and practical tips which will help you to protect your indoor spaces. Discover the most effective ways of how to create a safe and clean environment for you, your family, and your employees.<\/p>\t\t\t\t\t\t\t\t<\/div>\n\t\t\t\t<\/div>\n\t\t\t\t<\/div>\n\t\t\t\t\t<\/div>\n\t\t\t\t<\/div>\n\t\t<div class=\"elementor-element elementor-element-cf5b2c7 e-flex e-con-boxed e-con e-parent\" data-id=\"cf5b2c7\" data-element_type=\"container\" data-settings=\"{&quot;background_background&quot;:&quot;classic&quot;}\">\n\t\t\t\t\t<div class=\"e-con-inner\">\n\t\t<div class=\"elementor-element elementor-element-ad7f75f e-con-full elementor-hidden-desktop elementor-hidden-tablet elementor-hidden-mobile e-flex e-con e-child\" data-id=\"ad7f75f\" data-element_type=\"container\">\n\t\t\t\t<div class=\"elementor-element elementor-element-cb29117 elementor-grid-1 elementor-grid-tablet-2 elementor-grid-mobile-1 elementor-posts--thumbnail-top elementor-card-shadow-yes elementor-posts__hover-gradient elementor-widget elementor-widget-posts\" data-id=\"cb29117\" data-element_type=\"widget\" data-settings=\"{&quot;cards_columns&quot;:&quot;1&quot;,&quot;cards_columns_tablet&quot;:&quot;2&quot;,&quot;cards_columns_mobile&quot;:&quot;1&quot;,&quot;cards_row_gap&quot;:{&quot;unit&quot;:&quot;px&quot;,&quot;size&quot;:35,&quot;sizes&quot;:[]},&quot;cards_row_gap_tablet&quot;:{&quot;unit&quot;:&quot;px&quot;,&quot;size&quot;:&quot;&quot;,&quot;sizes&quot;:[]},&quot;cards_row_gap_mobile&quot;:{&quot;unit&quot;:&quot;px&quot;,&quot;size&quot;:&quot;&quot;,&quot;sizes&quot;:[]}}\" data-widget_type=\"posts.cards\">\n\t\t\t\t<div class=\"elementor-widget-container\">\n\t\t\t\t\t\t\t<div class=\"elementor-posts-container elementor-posts elementor-posts--skin-cards elementor-grid\">\n\t\t\t\t<article class=\"elementor-post elementor-grid-item post-359 post type-post status-publish format-standard has-post-thumbnail hentry category-tipy-a-triky\">\n\t\t\t<div class=\"elementor-post__card\">\n\t\t\t\t<a class=\"elementor-post__thumbnail__link\" href=\"https:\/\/amgsecurity.sk\/en\/tipy-na-ochranu-pred-vniknutim-do-objektu\/\" tabindex=\"-1\" ><div class=\"elementor-post__thumbnail\"><img fetchpriority=\"high\" decoding=\"async\" width=\"2560\" height=\"1707\" src=\"https:\/\/amgsecurity.sk\/wp-content\/uploads\/2024\/12\/security-system-of-outdoor-video-surveillance-cct-2024-10-18-17-29-43-utc-scaled.jpg\" class=\"attachment-full size-full wp-image-4657\" alt=\"Poh\u013ead na mal\u00fa vonkaj\u0161iu bezpe\u010dnostn\u00fa kameru, ktor\u00e1 je umiestnen\u00e1 na vonkaj\u0161om st\u013ape.\" srcset=\"https:\/\/amgsecurity.sk\/wp-content\/uploads\/2024\/12\/security-system-of-outdoor-video-surveillance-cct-2024-10-18-17-29-43-utc-scaled.jpg 2560w, https:\/\/amgsecurity.sk\/wp-content\/uploads\/2024\/12\/security-system-of-outdoor-video-surveillance-cct-2024-10-18-17-29-43-utc-300x200.jpg 300w, https:\/\/amgsecurity.sk\/wp-content\/uploads\/2024\/12\/security-system-of-outdoor-video-surveillance-cct-2024-10-18-17-29-43-utc-1024x683.jpg 1024w, https:\/\/amgsecurity.sk\/wp-content\/uploads\/2024\/12\/security-system-of-outdoor-video-surveillance-cct-2024-10-18-17-29-43-utc-768x512.jpg 768w, https:\/\/amgsecurity.sk\/wp-content\/uploads\/2024\/12\/security-system-of-outdoor-video-surveillance-cct-2024-10-18-17-29-43-utc-1536x1024.jpg 1536w, https:\/\/amgsecurity.sk\/wp-content\/uploads\/2024\/12\/security-system-of-outdoor-video-surveillance-cct-2024-10-18-17-29-43-utc-2048x1365.jpg 2048w\" sizes=\"(max-width: 2560px) 100vw, 2560px\" \/><\/div><\/a>\n\t\t\t\t<div class=\"elementor-post__badge\">Tips &amp; Hints<\/div>\n\t\t\t\t<div class=\"elementor-post__text\">\n\t\t\t\t<h3 class=\"elementor-post__title\">\n\t\t\t<a href=\"https:\/\/amgsecurity.sk\/en\/tipy-na-ochranu-pred-vniknutim-do-objektu\/\" >\n\t\t\t\tTips for Preventing Unauthorised Access onto Premises\t\t\t<\/a>\n\t\t<\/h3>\n\t\t\n\t\t<a class=\"elementor-post__read-more\" href=\"https:\/\/amgsecurity.sk\/en\/tipy-na-ochranu-pred-vniknutim-do-objektu\/\" aria-label=\"Read more about Tipy na ochranu pred vniknut\u00edm do objektu\" tabindex=\"-1\" >\n\t\t\tSounds interesting?\t\t<\/a>\n\n\t\t\t\t<\/div>\n\t\t\t\t\t<\/div>\n\t\t<\/article>\n\t\t\t\t<\/div>\n\t\t\n\t\t\t\t\t\t<\/div>\n\t\t\t\t<\/div>\n\t\t\t\t<\/div>\n\t\t\t\t\t<\/div>\n\t\t\t\t<\/div>\n\t\t<div class=\"elementor-element elementor-element-7d66b37 e-flex e-con-boxed e-con e-parent\" data-id=\"7d66b37\" data-element_type=\"container\">\n\t\t\t\t\t<div class=\"e-con-inner\">\n\t\t<div class=\"elementor-element elementor-element-f322fc5 e-con-full e-flex e-con e-child\" data-id=\"f322fc5\" data-element_type=\"container\">\n\t\t\t\t<div class=\"elementor-element elementor-element-b8fa151 posts_blog_page elementor-grid-3 elementor-grid-tablet-2 elementor-grid-mobile-1 elementor-posts--thumbnail-top elementor-posts__hover-gradient elementor-widget elementor-widget-posts\" data-id=\"b8fa151\" data-element_type=\"widget\" data-settings=\"{&quot;cards_row_gap&quot;:{&quot;unit&quot;:&quot;px&quot;,&quot;size&quot;:55,&quot;sizes&quot;:[]},&quot;cards_columns&quot;:&quot;3&quot;,&quot;cards_columns_tablet&quot;:&quot;2&quot;,&quot;cards_columns_mobile&quot;:&quot;1&quot;,&quot;cards_row_gap_tablet&quot;:{&quot;unit&quot;:&quot;px&quot;,&quot;size&quot;:&quot;&quot;,&quot;sizes&quot;:[]},&quot;cards_row_gap_mobile&quot;:{&quot;unit&quot;:&quot;px&quot;,&quot;size&quot;:&quot;&quot;,&quot;sizes&quot;:[]}}\" data-widget_type=\"posts.cards\">\n\t\t\t\t<div class=\"elementor-widget-container\">\n\t\t\t\t\t\t\t<div class=\"elementor-posts-container elementor-posts elementor-posts--skin-cards elementor-grid\">\n\t\t\t\t<article class=\"elementor-post elementor-grid-item post-359 post type-post status-publish format-standard has-post-thumbnail hentry category-tipy-a-triky\">\n\t\t\t<div class=\"elementor-post__card\">\n\t\t\t\t<a class=\"elementor-post__thumbnail__link\" href=\"https:\/\/amgsecurity.sk\/en\/tipy-na-ochranu-pred-vniknutim-do-objektu\/\" tabindex=\"-1\" ><div class=\"elementor-post__thumbnail\"><img decoding=\"async\" width=\"800\" height=\"534\" src=\"https:\/\/amgsecurity.sk\/wp-content\/uploads\/2024\/12\/security-system-of-outdoor-video-surveillance-cct-2024-10-18-17-29-43-utc-1024x683.jpg\" class=\"attachment-large size-large wp-image-4657\" alt=\"Poh\u013ead na mal\u00fa vonkaj\u0161iu bezpe\u010dnostn\u00fa kameru, ktor\u00e1 je umiestnen\u00e1 na vonkaj\u0161om st\u013ape.\" srcset=\"https:\/\/amgsecurity.sk\/wp-content\/uploads\/2024\/12\/security-system-of-outdoor-video-surveillance-cct-2024-10-18-17-29-43-utc-1024x683.jpg 1024w, https:\/\/amgsecurity.sk\/wp-content\/uploads\/2024\/12\/security-system-of-outdoor-video-surveillance-cct-2024-10-18-17-29-43-utc-300x200.jpg 300w, https:\/\/amgsecurity.sk\/wp-content\/uploads\/2024\/12\/security-system-of-outdoor-video-surveillance-cct-2024-10-18-17-29-43-utc-768x512.jpg 768w, https:\/\/amgsecurity.sk\/wp-content\/uploads\/2024\/12\/security-system-of-outdoor-video-surveillance-cct-2024-10-18-17-29-43-utc-1536x1024.jpg 1536w, https:\/\/amgsecurity.sk\/wp-content\/uploads\/2024\/12\/security-system-of-outdoor-video-surveillance-cct-2024-10-18-17-29-43-utc-2048x1365.jpg 2048w\" sizes=\"(max-width: 800px) 100vw, 800px\" \/><\/div><\/a>\n\t\t\t\t<div class=\"elementor-post__badge\">Tips &amp; Hints<\/div>\n\t\t\t\t<div class=\"elementor-post__text\">\n\t\t\t\t<h3 class=\"elementor-post__title\">\n\t\t\t<a href=\"https:\/\/amgsecurity.sk\/en\/tipy-na-ochranu-pred-vniknutim-do-objektu\/\" >\n\t\t\t\tTips for Preventing Unauthorised Access onto Premises\t\t\t<\/a>\n\t\t<\/h3>\n\t\t\t\t<div class=\"elementor-post__excerpt\">\n\t\t\t<p>Protecting the sites against unauthorised entering is essential not only for the security<\/p>\n\t\t<\/div>\n\t\t\n\t\t<a class=\"elementor-post__read-more\" href=\"https:\/\/amgsecurity.sk\/en\/tipy-na-ochranu-pred-vniknutim-do-objektu\/\" aria-label=\"Read more about Tipy na ochranu pred vniknut\u00edm do objektu\" tabindex=\"-1\" >\n\t\t\tSounds interesting?\t\t<\/a>\n\n\t\t\t\t<\/div>\n\t\t\t\t\t<\/div>\n\t\t<\/article>\n\t\t\t\t<article class=\"elementor-post elementor-grid-item post-337 post type-post status-publish format-standard has-post-thumbnail hentry category-tipy-a-triky\">\n\t\t\t<div class=\"elementor-post__card\">\n\t\t\t\t<a class=\"elementor-post__thumbnail__link\" href=\"https:\/\/amgsecurity.sk\/en\/prakticke-tipy-na-udrzanie-cistoty-vo-firemnych-priestoroch\/\" tabindex=\"-1\" ><div class=\"elementor-post__thumbnail\"><img decoding=\"async\" width=\"800\" height=\"534\" src=\"https:\/\/amgsecurity.sk\/wp-content\/uploads\/2024\/12\/top-view-of-cleaning-company-team-cleaning-modern-2024-11-17-16-44-49-utc-1024x683.jpg\" class=\"attachment-large size-large wp-image-4656\" alt=\"Poh\u013ead z hora na troch zamestnancov upratovacej slu\u017eby, ktor\u00ed s\u00fa v procese upratovania firemn\u00fdch priestorov.\" srcset=\"https:\/\/amgsecurity.sk\/wp-content\/uploads\/2024\/12\/top-view-of-cleaning-company-team-cleaning-modern-2024-11-17-16-44-49-utc-1024x683.jpg 1024w, https:\/\/amgsecurity.sk\/wp-content\/uploads\/2024\/12\/top-view-of-cleaning-company-team-cleaning-modern-2024-11-17-16-44-49-utc-300x200.jpg 300w, https:\/\/amgsecurity.sk\/wp-content\/uploads\/2024\/12\/top-view-of-cleaning-company-team-cleaning-modern-2024-11-17-16-44-49-utc-768x513.jpg 768w, https:\/\/amgsecurity.sk\/wp-content\/uploads\/2024\/12\/top-view-of-cleaning-company-team-cleaning-modern-2024-11-17-16-44-49-utc-1536x1025.jpg 1536w, https:\/\/amgsecurity.sk\/wp-content\/uploads\/2024\/12\/top-view-of-cleaning-company-team-cleaning-modern-2024-11-17-16-44-49-utc-2048x1367.jpg 2048w\" sizes=\"(max-width: 800px) 100vw, 800px\" \/><\/div><\/a>\n\t\t\t\t<div class=\"elementor-post__badge\">Tips &amp; Hints<\/div>\n\t\t\t\t<div class=\"elementor-post__text\">\n\t\t\t\t<h3 class=\"elementor-post__title\">\n\t\t\t<a href=\"https:\/\/amgsecurity.sk\/en\/prakticke-tipy-na-udrzanie-cistoty-vo-firemnych-priestoroch\/\" >\n\t\t\t\tPractical tips for keeping your business premises clean\t\t\t<\/a>\n\t\t<\/h3>\n\t\t\t\t<div class=\"elementor-post__excerpt\">\n\t\t\t<p>Have you ever wondered how regular maintenance can affect the motivation<\/p>\n\t\t<\/div>\n\t\t\n\t\t<a class=\"elementor-post__read-more\" href=\"https:\/\/amgsecurity.sk\/en\/prakticke-tipy-na-udrzanie-cistoty-vo-firemnych-priestoroch\/\" aria-label=\"Read more about Praktick\u00e9 tipy na udr\u017eanie \u010distoty vo firemn\u00fdch priestoroch\" tabindex=\"-1\" >\n\t\t\tSounds interesting?\t\t<\/a>\n\n\t\t\t\t<\/div>\n\t\t\t\t\t<\/div>\n\t\t<\/article>\n\t\t\t\t<article class=\"elementor-post elementor-grid-item post-1 post type-post status-publish format-standard has-post-thumbnail hentry category-tipy-a-triky\">\n\t\t\t<div class=\"elementor-post__card\">\n\t\t\t\t<a class=\"elementor-post__thumbnail__link\" href=\"https:\/\/amgsecurity.sk\/en\/ako-pravidelna-udrzba-znizuje-naklady-na-bezpecnostne-systemy\/\" tabindex=\"-1\" ><div class=\"elementor-post__thumbnail\"><img loading=\"lazy\" decoding=\"async\" width=\"800\" height=\"534\" src=\"https:\/\/amgsecurity.sk\/wp-content\/uploads\/2024\/12\/technicians-are-introducing-industrial-hand-robots-2025-01-07-18-19-13-utc-1024x683.jpg\" class=\"attachment-large size-large wp-image-4658\" alt=\"Na obr\u00e1zku je mu\u017e v bielej ko\u0161eli, ktor\u00fd kontroluje bezpe\u010dnostn\u00e9 pr\u00edstroje v budove.\" srcset=\"https:\/\/amgsecurity.sk\/wp-content\/uploads\/2024\/12\/technicians-are-introducing-industrial-hand-robots-2025-01-07-18-19-13-utc-1024x683.jpg 1024w, https:\/\/amgsecurity.sk\/wp-content\/uploads\/2024\/12\/technicians-are-introducing-industrial-hand-robots-2025-01-07-18-19-13-utc-300x200.jpg 300w, https:\/\/amgsecurity.sk\/wp-content\/uploads\/2024\/12\/technicians-are-introducing-industrial-hand-robots-2025-01-07-18-19-13-utc-768x512.jpg 768w, https:\/\/amgsecurity.sk\/wp-content\/uploads\/2024\/12\/technicians-are-introducing-industrial-hand-robots-2025-01-07-18-19-13-utc-1536x1024.jpg 1536w, https:\/\/amgsecurity.sk\/wp-content\/uploads\/2024\/12\/technicians-are-introducing-industrial-hand-robots-2025-01-07-18-19-13-utc-2048x1365.jpg 2048w\" sizes=\"(max-width: 800px) 100vw, 800px\" \/><\/div><\/a>\n\t\t\t\t<div class=\"elementor-post__badge\">Tips &amp; Hints<\/div>\n\t\t\t\t<div class=\"elementor-post__text\">\n\t\t\t\t<h3 class=\"elementor-post__title\">\n\t\t\t<a href=\"https:\/\/amgsecurity.sk\/en\/ako-pravidelna-udrzba-znizuje-naklady-na-bezpecnostne-systemy\/\" >\n\t\t\t\tHow regular maintenance reduces the cost of security systems\t\t\t<\/a>\n\t\t<\/h3>\n\t\t\t\t<div class=\"elementor-post__excerpt\">\n\t\t\t<p>Do you want to be sure that your security systems are running smoothly?<\/p>\n\t\t<\/div>\n\t\t\n\t\t<a class=\"elementor-post__read-more\" href=\"https:\/\/amgsecurity.sk\/en\/ako-pravidelna-udrzba-znizuje-naklady-na-bezpecnostne-systemy\/\" aria-label=\"Read more about Ako pravideln\u00e1 \u00fadr\u017eba zni\u017euje n\u00e1klady na bezpe\u010dnostn\u00e9 syst\u00e9my\" tabindex=\"-1\" >\n\t\t\tSounds interesting?\t\t<\/a>\n\n\t\t\t\t<\/div>\n\t\t\t\t\t<\/div>\n\t\t<\/article>\n\t\t\t\t<\/div>\n\t\t\n\t\t\t\t\t\t<\/div>\n\t\t\t\t<\/div>\n\t\t\t\t<\/div>\n\t\t\t\t\t<\/div>\n\t\t\t\t<\/div>\n\t\t\t\t<\/div>","protected":false},"excerpt":{"rendered":"<p>https:\/\/amgsecurity.sk\/wp-content\/uploads\/2024\/12\/586a-496d-b64d-f6f686e8cdbe.mp4 Na\u0161e slu\u017eby v\u00e1m pon\u00fakame u\u017e od roku 2011 Novinky a tipy od odborn\u00edkov In\u0161pir\u00e1cie a tipy na ochranu a \u010distotu v\u00e1\u0161ho prostredia Novinky a tipy od odborn\u00edkov. Z\u00edskajte inform\u00e1cie zo sveta bezpe\u010dnosti a praktick\u00e9 rady, ktor\u00e9 v\u00e1m pom\u00f4\u017eu chr\u00e1ni\u0165 v\u00e1\u0161 interi\u00e9r. Objavte efekt\u00edvne opatrenia a vytvorte bezpe\u010dn\u00e9 a \u010dist\u00e9 prostredie pre seba a svojich [&hellip;]<\/p>","protected":false},"author":1,"featured_media":0,"parent":0,"menu_order":0,"comment_status":"closed","ping_status":"closed","template":"","meta":{"footnotes":""},"class_list":["post-1551","page","type-page","status-publish","hentry"],"yoast_head":"<!-- This site is optimized with the Yoast SEO plugin v24.3 - https:\/\/yoast.com\/wordpress\/plugins\/seo\/ -->\n<title>AMG Security - Blog<\/title>\n<meta name=\"description\" content=\"Pre\u010d\u00edtajte si n\u00e1\u0161 blog a z\u00edskajte u\u017eito\u010dn\u00e9 rady na zv\u00fd\u0161enie bezpe\u010dnosti a zachovanie \u010distoty \u2013 pre efekt\u00edvnu ochranu a komfort.\" \/>\n<meta name=\"robots\" content=\"index, follow, max-snippet:-1, max-image-preview:large, max-video-preview:-1\" \/>\n<link rel=\"canonical\" href=\"https:\/\/amgsecurity.sk\/en\/blog\/\" \/>\n<meta property=\"og:locale\" content=\"en_US\" \/>\n<meta property=\"og:type\" content=\"article\" \/>\n<meta property=\"og:title\" content=\"AMG Security - Blog\" \/>\n<meta property=\"og:description\" content=\"Pre\u010d\u00edtajte si na\u0161e \u010dl\u00e1nky a z\u00edskajte u\u017eito\u010dn\u00e9 rady na zlep\u0161enie bezpe\u010dnosti a zachovanie \u010distoty \u2013 pre efekt\u00edvnu ochranu a komfort.\" \/>\n<meta property=\"og:url\" content=\"https:\/\/amgsecurity.sk\/en\/blog\/\" \/>\n<meta property=\"og:site_name\" content=\"AMG Security\" \/>\n<meta property=\"article:modified_time\" content=\"2025-02-22T14:35:18+00:00\" \/>\n<meta property=\"og:image\" content=\"https:\/\/amgsecurity.sk\/wp-content\/uploads\/2025\/02\/Snimka-obrazovky-2025-02-04-142318.jpg\" \/>\n\t<meta property=\"og:image:width\" content=\"2354\" \/>\n\t<meta property=\"og:image:height\" content=\"1186\" \/>\n\t<meta property=\"og:image:type\" content=\"image\/jpeg\" \/>\n<meta name=\"twitter:card\" content=\"summary_large_image\" \/>\n<meta name=\"twitter:label1\" content=\"Est. reading time\" \/>\n\t<meta name=\"twitter:data1\" content=\"1 minute\" \/>\n<script type=\"application\/ld+json\" class=\"yoast-schema-graph\">{\"@context\":\"https:\/\/schema.org\",\"@graph\":[{\"@type\":\"WebPage\",\"@id\":\"https:\/\/amgsecurity.sk\/blog\/\",\"url\":\"https:\/\/amgsecurity.sk\/blog\/\",\"name\":\"AMG Security - Blog\",\"isPartOf\":{\"@id\":\"https:\/\/amgsecurity.sk\/#website\"},\"datePublished\":\"2025-01-03T15:41:30+00:00\",\"dateModified\":\"2025-02-22T14:35:18+00:00\",\"description\":\"Pre\u010d\u00edtajte si n\u00e1\u0161 blog a z\u00edskajte u\u017eito\u010dn\u00e9 rady na zv\u00fd\u0161enie bezpe\u010dnosti a zachovanie \u010distoty \u2013 pre efekt\u00edvnu ochranu a komfort.\",\"breadcrumb\":{\"@id\":\"https:\/\/amgsecurity.sk\/blog\/#breadcrumb\"},\"inLanguage\":\"en-US\",\"potentialAction\":[{\"@type\":\"ReadAction\",\"target\":[\"https:\/\/amgsecurity.sk\/blog\/\"]}]},{\"@type\":\"BreadcrumbList\",\"@id\":\"https:\/\/amgsecurity.sk\/blog\/#breadcrumb\",\"itemListElement\":[{\"@type\":\"ListItem\",\"position\":1,\"name\":\"Home\",\"item\":\"https:\/\/amgsecurity.sk\/\"},{\"@type\":\"ListItem\",\"position\":2,\"name\":\"Blog\"}]},{\"@type\":\"WebSite\",\"@id\":\"https:\/\/amgsecurity.sk\/#website\",\"url\":\"https:\/\/amgsecurity.sk\/\",\"name\":\"AMG Security\",\"description\":\"\",\"publisher\":{\"@id\":\"https:\/\/amgsecurity.sk\/#organization\"},\"potentialAction\":[{\"@type\":\"SearchAction\",\"target\":{\"@type\":\"EntryPoint\",\"urlTemplate\":\"https:\/\/amgsecurity.sk\/?s={search_term_string}\"},\"query-input\":{\"@type\":\"PropertyValueSpecification\",\"valueRequired\":true,\"valueName\":\"search_term_string\"}}],\"inLanguage\":\"en-US\"},{\"@type\":\"Organization\",\"@id\":\"https:\/\/amgsecurity.sk\/#organization\",\"name\":\"AMG Security\",\"url\":\"https:\/\/amgsecurity.sk\/\",\"logo\":{\"@type\":\"ImageObject\",\"inLanguage\":\"en-US\",\"@id\":\"https:\/\/amgsecurity.sk\/#\/schema\/logo\/image\/\",\"url\":\"https:\/\/amgsecurity.sk\/wp-content\/uploads\/2024\/12\/Layer_1-5.svg\",\"contentUrl\":\"https:\/\/amgsecurity.sk\/wp-content\/uploads\/2024\/12\/Layer_1-5.svg\",\"width\":210,\"height\":28,\"caption\":\"AMG Security\"},\"image\":{\"@id\":\"https:\/\/amgsecurity.sk\/#\/schema\/logo\/image\/\"}}]}<\/script>\n<!-- \/ Yoast SEO plugin. -->","yoast_head_json":{"title":"AMG Security - Blog","description":"Pre\u010d\u00edtajte si n\u00e1\u0161 blog a z\u00edskajte u\u017eito\u010dn\u00e9 rady na zv\u00fd\u0161enie bezpe\u010dnosti a zachovanie \u010distoty \u2013 pre efekt\u00edvnu ochranu a komfort.","robots":{"index":"index","follow":"follow","max-snippet":"max-snippet:-1","max-image-preview":"max-image-preview:large","max-video-preview":"max-video-preview:-1"},"canonical":"https:\/\/amgsecurity.sk\/en\/blog\/","og_locale":"en_US","og_type":"article","og_title":"AMG Security - Blog","og_description":"Pre\u010d\u00edtajte si na\u0161e \u010dl\u00e1nky a z\u00edskajte u\u017eito\u010dn\u00e9 rady na zlep\u0161enie bezpe\u010dnosti a zachovanie \u010distoty \u2013 pre efekt\u00edvnu ochranu a komfort.","og_url":"https:\/\/amgsecurity.sk\/en\/blog\/","og_site_name":"AMG Security","article_modified_time":"2025-02-22T14:35:18+00:00","og_image":[{"width":2354,"height":1186,"url":"https:\/\/amgsecurity.sk\/wp-content\/uploads\/2025\/02\/Snimka-obrazovky-2025-02-04-142318.jpg","type":"image\/jpeg"}],"twitter_card":"summary_large_image","twitter_misc":{"Est. reading time":"1 minute"},"schema":{"@context":"https:\/\/schema.org","@graph":[{"@type":"WebPage","@id":"https:\/\/amgsecurity.sk\/blog\/","url":"https:\/\/amgsecurity.sk\/blog\/","name":"AMG Security - Blog","isPartOf":{"@id":"https:\/\/amgsecurity.sk\/#website"},"datePublished":"2025-01-03T15:41:30+00:00","dateModified":"2025-02-22T14:35:18+00:00","description":"Pre\u010d\u00edtajte si n\u00e1\u0161 blog a z\u00edskajte u\u017eito\u010dn\u00e9 rady na zv\u00fd\u0161enie bezpe\u010dnosti a zachovanie \u010distoty \u2013 pre efekt\u00edvnu ochranu a komfort.","breadcrumb":{"@id":"https:\/\/amgsecurity.sk\/blog\/#breadcrumb"},"inLanguage":"en-US","potentialAction":[{"@type":"ReadAction","target":["https:\/\/amgsecurity.sk\/blog\/"]}]},{"@type":"BreadcrumbList","@id":"https:\/\/amgsecurity.sk\/blog\/#breadcrumb","itemListElement":[{"@type":"ListItem","position":1,"name":"Home","item":"https:\/\/amgsecurity.sk\/"},{"@type":"ListItem","position":2,"name":"Blog"}]},{"@type":"WebSite","@id":"https:\/\/amgsecurity.sk\/#website","url":"https:\/\/amgsecurity.sk\/","name":"AMG Security","description":"","publisher":{"@id":"https:\/\/amgsecurity.sk\/#organization"},"potentialAction":[{"@type":"SearchAction","target":{"@type":"EntryPoint","urlTemplate":"https:\/\/amgsecurity.sk\/?s={search_term_string}"},"query-input":{"@type":"PropertyValueSpecification","valueRequired":true,"valueName":"search_term_string"}}],"inLanguage":"en-US"},{"@type":"Organization","@id":"https:\/\/amgsecurity.sk\/#organization","name":"AMG Security","url":"https:\/\/amgsecurity.sk\/","logo":{"@type":"ImageObject","inLanguage":"en-US","@id":"https:\/\/amgsecurity.sk\/#\/schema\/logo\/image\/","url":"https:\/\/amgsecurity.sk\/wp-content\/uploads\/2024\/12\/Layer_1-5.svg","contentUrl":"https:\/\/amgsecurity.sk\/wp-content\/uploads\/2024\/12\/Layer_1-5.svg","width":210,"height":28,"caption":"AMG Security"},"image":{"@id":"https:\/\/amgsecurity.sk\/#\/schema\/logo\/image\/"}}]}},"_links":{"self":[{"href":"https:\/\/amgsecurity.sk\/en\/wp-json\/wp\/v2\/pages\/1551","targetHints":{"allow":["GET"]}}],"collection":[{"href":"https:\/\/amgsecurity.sk\/en\/wp-json\/wp\/v2\/pages"}],"about":[{"href":"https:\/\/amgsecurity.sk\/en\/wp-json\/wp\/v2\/types\/page"}],"author":[{"embeddable":true,"href":"https:\/\/amgsecurity.sk\/en\/wp-json\/wp\/v2\/users\/1"}],"replies":[{"embeddable":true,"href":"https:\/\/amgsecurity.sk\/en\/wp-json\/wp\/v2\/comments?post=1551"}],"version-history":[{"count":73,"href":"https:\/\/amgsecurity.sk\/en\/wp-json\/wp\/v2\/pages\/1551\/revisions"}],"predecessor-version":[{"id":5129,"href":"https:\/\/amgsecurity.sk\/en\/wp-json\/wp\/v2\/pages\/1551\/revisions\/5129"}],"wp:attachment":[{"href":"https:\/\/amgsecurity.sk\/en\/wp-json\/wp\/v2\/media?parent=1551"}],"curies":[{"name":"wp","href":"https:\/\/api.w.org\/{rel}","templated":true}]}}